{"id":5,"date":"2022-06-20T12:54:10","date_gmt":"2022-06-20T10:54:10","guid":{"rendered":"http:\/\/hardtoport.org\/?page_id=5"},"modified":"2025-12-30T20:34:25","modified_gmt":"2025-12-30T19:34:25","slug":"startseite","status":"publish","type":"page","link":"https:\/\/hardtoport.org\/de\/","title":{"rendered":"Wir sind Hard To Port"},"content":{"rendered":"\n<p>Der Lebensraum Meer steht vor einer ungewissen Zukunft. Folgenschwere Sch\u00e4den und Ver\u00e4nderungen durch den menschengeschmachten Klimawandel, \u00dcberfischung und Verschmutzung bringen das blaue Fundament unseres Planeten an den Rande des Zumutbaren. Unser Umgang mit dieser einzigartigen und fragilen Unterwasserwelt bedarf eines dringenden Kurswechsels, den wir mit unserer Arbeit herbeif\u00fchren und unterst\u00fctzen m\u00f6chten.<\/p>\n","protected":false},"excerpt":{"rendered":"<p>Der Lebensraum Meer steht vor einer ungewissen Zukunft. Folgenschwere Sch\u00e4den und Ver\u00e4nderungen durch den menschengeschmachten Klimawandel, \u00dcberfischung und Verschmutzung bringen das blaue Fundament unseres Planeten an den Rande des Zumutbaren. Unser Umgang mit dieser einzigartigen und fragilen Unterwasserwelt bedarf eines dringenden Kurswechsels, den wir mit unserer Arbeit herbeif\u00fchren und unterst\u00fctzen m\u00f6chten.<\/p>\n","protected":false},"author":2,"featured_media":54,"parent":0,"menu_order":0,"comment_status":"closed","ping_status":"closed","template":"","meta":{"_acf_changed":false,"footnotes":""},"class_list":["post-5","page","type-page","status-publish","has-post-thumbnail","hentry"],"acf":[],"_links":{"self":[{"href":"https:\/\/hardtoport.org\/de\/wp-json\/wp\/v2\/pages\/5","targetHints":{"allow":["GET"]}}],"collection":[{"href":"https:\/\/hardtoport.org\/de\/wp-json\/wp\/v2\/pages"}],"about":[{"href":"https:\/\/hardtoport.org\/de\/wp-json\/wp\/v2\/types\/page"}],"author":[{"embeddable":true,"href":"https:\/\/hardtoport.org\/de\/wp-json\/wp\/v2\/users\/2"}],"replies":[{"embeddable":true,"href":"https:\/\/hardtoport.org\/de\/wp-json\/wp\/v2\/comments?post=5"}],"version-history":[{"count":50,"href":"https:\/\/hardtoport.org\/de\/wp-json\/wp\/v2\/pages\/5\/revisions"}],"predecessor-version":[{"id":1551,"href":"https:\/\/hardtoport.org\/de\/wp-json\/wp\/v2\/pages\/5\/revisions\/1551"}],"wp:featuredmedia":[{"embeddable":true,"href":"https:\/\/hardtoport.org\/de\/wp-json\/wp\/v2\/media\/54"}],"wp:attachment":[{"href":"https:\/\/hardtoport.org\/de\/wp-json\/wp\/v2\/media?parent=5"}],"curies":[{"name":"wp","href":"https:\/\/api.w.org\/{rel}","templated":true}]}}