{"id":383,"date":"2022-06-20T14:07:01","date_gmt":"2022-06-20T12:07:01","guid":{"rendered":"https:\/\/hardtoport.org\/?page_id=383"},"modified":"2026-02-15T20:50:31","modified_gmt":"2026-02-15T19:50:31","slug":"about-us","status":"publish","type":"page","link":"https:\/\/hardtoport.org\/de\/about-us\/","title":{"rendered":"\u00dcber Uns"},"content":{"rendered":"\n<div class=\"wp-block-columns is-layout-flex wp-container-core-columns-is-layout-9d6595d7 wp-block-columns-is-layout-flex\">\n<div class=\"wp-block-column is-layout-flow wp-block-column-is-layout-flow\">\n<p>Der Hard To Port e.V. ist ein eingetragener, gemeinn\u00fctziger Meeresschutzverein mit Sitz in Flensburg, Schleswig Holstein.<\/p>\n\n\n\n<p>Unsere Organisation wurde 2014 nach einem kreativen, friedlichen Protest an Bord eines isl\u00e4ndischen Walfangschiffes im Alten Hafen der isl\u00e4ndischen Hauptstadt Reykjav\u00edk gegr\u00fcndet. Seitdem hat sich der Hard To Port e.V. zu einer engagierten und einflussreichen Wal- und Meeresschutz-NGO in Nordeuropa entwickelt.<\/p>\n\n\n\n<p>Weitere Angaben zu unserem Verein findest du auch in unserem <a href=\"https:\/\/hardtoport.org\/de\/impressum\/\">Impressum<\/a>. <\/p>\n\n\n\n<div class=\"wp-block-columns is-layout-flex wp-container-core-columns-is-layout-9d6595d7 wp-block-columns-is-layout-flex\">\n<div class=\"wp-block-column is-layout-flow wp-block-column-is-layout-flow\">\n<figure class=\"wp-block-image size-large\"><img loading=\"lazy\" decoding=\"async\" width=\"1024\" height=\"683\" src=\"https:\/\/hardtoport.org\/wp-content\/uploads\/2025\/12\/Detailed-Documentation-1-Website-Size-1024x683.jpg\" alt=\"\" class=\"wp-image-1541\" srcset=\"https:\/\/hardtoport.org\/wp-content\/uploads\/2025\/12\/Detailed-Documentation-1-Website-Size-1024x683.jpg 1024w, https:\/\/hardtoport.org\/wp-content\/uploads\/2025\/12\/Detailed-Documentation-1-Website-Size-300x200.jpg 300w, https:\/\/hardtoport.org\/wp-content\/uploads\/2025\/12\/Detailed-Documentation-1-Website-Size-768x512.jpg 768w, https:\/\/hardtoport.org\/wp-content\/uploads\/2025\/12\/Detailed-Documentation-1-Website-Size-1536x1024.jpg 1536w, https:\/\/hardtoport.org\/wp-content\/uploads\/2025\/12\/Detailed-Documentation-1-Website-Size.jpg 2048w\" sizes=\"auto, (max-width: 1024px) 100vw, 1024px\" \/><figcaption class=\"wp-element-caption\">\u00a9 Arne Feuerhahn | Hard To Port<\/figcaption><\/figure>\n<\/div>\n\n\n\n<div class=\"wp-block-column is-layout-flow wp-block-column-is-layout-flow\">\n<figure class=\"wp-block-image size-large\"><img loading=\"lazy\" decoding=\"async\" width=\"1024\" height=\"683\" src=\"https:\/\/hardtoport.org\/wp-content\/uploads\/2025\/01\/The-worlds-needs-to-see-this-hunt-1024x683.jpg\" alt=\"\" class=\"wp-image-1251\" srcset=\"https:\/\/hardtoport.org\/wp-content\/uploads\/2025\/01\/The-worlds-needs-to-see-this-hunt-1024x683.jpg 1024w, https:\/\/hardtoport.org\/wp-content\/uploads\/2025\/01\/The-worlds-needs-to-see-this-hunt-300x200.jpg 300w, https:\/\/hardtoport.org\/wp-content\/uploads\/2025\/01\/The-worlds-needs-to-see-this-hunt-768x513.jpg 768w, https:\/\/hardtoport.org\/wp-content\/uploads\/2025\/01\/The-worlds-needs-to-see-this-hunt-1536x1025.jpg 1536w, https:\/\/hardtoport.org\/wp-content\/uploads\/2025\/01\/The-worlds-needs-to-see-this-hunt-2048x1367.jpg 2048w\" sizes=\"auto, (max-width: 1024px) 100vw, 1024px\" \/><figcaption class=\"wp-element-caption\">\u00a9 Boris Niehaus | Hard To Port<\/figcaption><\/figure>\n<\/div>\n<\/div>\n<\/div>\n<\/div>\n\n\n\n<h2 class=\"wp-block-heading\">Unsere Mission<\/h2>\n\n\n\n<p>Die Mitglieder des Hard To Port e.V. setzen sich entschlossen f\u00fcr den Schutz maritimen Lebens ein. Verantwortungsbewusst und engagiert treten wir den Bedrohungen entgegen, die das blaue Fundament unseres Planeten gef\u00e4hrden. Unsere langj\u00e4hrige Erfahrung im Meeresschutz hat uns gezeigt, dass nachhaltiger Wandel Kreativit\u00e4t, Ausdauer und zielgerichtetes Handeln erfordert. Durch investigative Recherchen, friedlichen Protest, Aufkl\u00e4rungsarbeit, Bildungsinitiativen sowie Renaturierungsprojekte setzen wir uns f\u00fcr einen messbaren und langfristigen Fortschritt ein &#8211; und laden alle dazu ein, Teil dieser wichtigen Mission zu werden.<\/p>\n\n\n\n<div class=\"wp-block-columns is-layout-flex wp-container-core-columns-is-layout-9d6595d7 wp-block-columns-is-layout-flex\">\n<div class=\"wp-block-column is-layout-flow wp-block-column-is-layout-flow\">\n<figure class=\"wp-block-image size-large\"><img loading=\"lazy\" decoding=\"async\" width=\"1024\" height=\"681\" src=\"https:\/\/hardtoport.org\/wp-content\/uploads\/2023\/10\/20230908-Boris-Niehaus-DSC_7746-1024x681.jpg\" alt=\"\" class=\"wp-image-834\" srcset=\"https:\/\/hardtoport.org\/wp-content\/uploads\/2023\/10\/20230908-Boris-Niehaus-DSC_7746-1024x681.jpg 1024w, https:\/\/hardtoport.org\/wp-content\/uploads\/2023\/10\/20230908-Boris-Niehaus-DSC_7746-300x200.jpg 300w, https:\/\/hardtoport.org\/wp-content\/uploads\/2023\/10\/20230908-Boris-Niehaus-DSC_7746-768x511.jpg 768w, https:\/\/hardtoport.org\/wp-content\/uploads\/2023\/10\/20230908-Boris-Niehaus-DSC_7746-1536x1022.jpg 1536w, https:\/\/hardtoport.org\/wp-content\/uploads\/2023\/10\/20230908-Boris-Niehaus-DSC_7746-2048x1362.jpg 2048w\" sizes=\"auto, (max-width: 1024px) 100vw, 1024px\" \/><figcaption class=\"wp-element-caption\">\u00a9 Boris Niehaus | Hard To Port<\/figcaption><\/figure>\n<\/div>\n\n\n\n<div class=\"wp-block-column is-layout-flow wp-block-column-is-layout-flow\">\n<figure class=\"wp-block-image size-large\"><img loading=\"lazy\" decoding=\"async\" width=\"1024\" height=\"683\" src=\"https:\/\/hardtoport.org\/wp-content\/uploads\/2024\/06\/HARD_2_PORT-2846-2-1024x683.jpg\" alt=\"\" class=\"wp-image-1042\" srcset=\"https:\/\/hardtoport.org\/wp-content\/uploads\/2024\/06\/HARD_2_PORT-2846-2-1024x683.jpg 1024w, https:\/\/hardtoport.org\/wp-content\/uploads\/2024\/06\/HARD_2_PORT-2846-2-300x200.jpg 300w, https:\/\/hardtoport.org\/wp-content\/uploads\/2024\/06\/HARD_2_PORT-2846-2-768x513.jpg 768w, https:\/\/hardtoport.org\/wp-content\/uploads\/2024\/06\/HARD_2_PORT-2846-2-1536x1025.jpg 1536w, https:\/\/hardtoport.org\/wp-content\/uploads\/2024\/06\/HARD_2_PORT-2846-2-2048x1367.jpg 2048w\" sizes=\"auto, (max-width: 1024px) 100vw, 1024px\" \/><figcaption class=\"wp-element-caption\">\u00a9 Boris Niehaus | Hard To Port<\/figcaption><\/figure>\n<\/div>\n<\/div>\n\n\n\n<h2 class=\"wp-block-heading\">Unsere Vision<\/h2>\n\n\n\n<p>Unsere Organisation setzt sich aktiv daf\u00fcr ein, dass unsere Gesellschaften eine respektvollere und wertsch\u00e4tzendere Haltung gegen\u00fcber dem Leben im Meer einnimmt: eine Haltung, die zu verantwortungsvollen, entschlossenen und konstruktiven Meeres- und Naturschutzma\u00dfnahmen f\u00fchrt, die dazu beitragen, unseren blauen Planeten zu sch\u00fctzen und zu erhalten.<\/p>\n\n\n\n<figure class=\"wp-block-image size-large\"><img loading=\"lazy\" decoding=\"async\" width=\"1024\" height=\"684\" src=\"https:\/\/hardtoport.org\/wp-content\/uploads\/2022\/06\/whalesshouldbecelebrated-1024x684.jpg\" alt=\"\" class=\"wp-image-102\" srcset=\"https:\/\/hardtoport.org\/wp-content\/uploads\/2022\/06\/whalesshouldbecelebrated-1024x684.jpg 1024w, https:\/\/hardtoport.org\/wp-content\/uploads\/2022\/06\/whalesshouldbecelebrated-300x200.jpg 300w, https:\/\/hardtoport.org\/wp-content\/uploads\/2022\/06\/whalesshouldbecelebrated-768x513.jpg 768w, https:\/\/hardtoport.org\/wp-content\/uploads\/2022\/06\/whalesshouldbecelebrated-1536x1025.jpg 1536w, https:\/\/hardtoport.org\/wp-content\/uploads\/2022\/06\/whalesshouldbecelebrated-2048x1367.jpg 2048w\" sizes=\"auto, (max-width: 1024px) 100vw, 1024px\" \/><\/figure>\n","protected":false},"excerpt":{"rendered":"<p>Der Hard To Port e.V. ist ein eingetragener, gemeinn\u00fctziger Meeresschutzverein mit Sitz in Flensburg, Schleswig Holstein. Unsere Organisation wurde 2014 nach einem kreativen, friedlichen Protest an Bord eines isl\u00e4ndischen Walfangschiffes im Alten Hafen der isl\u00e4ndischen Hauptstadt Reykjav\u00edk gegr\u00fcndet. Seitdem hat sich der Hard To Port e.V. zu einer engagierten und einflussreichen Wal- und Meeresschutz-NGO in [&hellip;]<\/p>\n","protected":false},"author":1,"featured_media":1463,"parent":0,"menu_order":0,"comment_status":"closed","ping_status":"closed","template":"","meta":{"_acf_changed":false,"footnotes":""},"class_list":["post-383","page","type-page","status-publish","has-post-thumbnail","hentry"],"acf":[],"_links":{"self":[{"href":"https:\/\/hardtoport.org\/de\/wp-json\/wp\/v2\/pages\/383","targetHints":{"allow":["GET"]}}],"collection":[{"href":"https:\/\/hardtoport.org\/de\/wp-json\/wp\/v2\/pages"}],"about":[{"href":"https:\/\/hardtoport.org\/de\/wp-json\/wp\/v2\/types\/page"}],"author":[{"embeddable":true,"href":"https:\/\/hardtoport.org\/de\/wp-json\/wp\/v2\/users\/1"}],"replies":[{"embeddable":true,"href":"https:\/\/hardtoport.org\/de\/wp-json\/wp\/v2\/comments?post=383"}],"version-history":[{"count":20,"href":"https:\/\/hardtoport.org\/de\/wp-json\/wp\/v2\/pages\/383\/revisions"}],"predecessor-version":[{"id":1628,"href":"https:\/\/hardtoport.org\/de\/wp-json\/wp\/v2\/pages\/383\/revisions\/1628"}],"wp:featuredmedia":[{"embeddable":true,"href":"https:\/\/hardtoport.org\/de\/wp-json\/wp\/v2\/media\/1463"}],"wp:attachment":[{"href":"https:\/\/hardtoport.org\/de\/wp-json\/wp\/v2\/media?parent=383"}],"curies":[{"name":"wp","href":"https:\/\/api.w.org\/{rel}","templated":true}]}}