{"id":351,"date":"2022-06-22T14:11:20","date_gmt":"2022-06-22T12:11:20","guid":{"rendered":"https:\/\/hardtoport.org\/?page_id=351"},"modified":"2025-12-18T18:36:35","modified_gmt":"2025-12-18T17:36:35","slug":"kontakt","status":"publish","type":"page","link":"https:\/\/hardtoport.org\/de\/kontakt\/","title":{"rendered":"Kontakt"},"content":{"rendered":"\n<p>F\u00fcr allgemeine Anfragen sende uns bitte eine E-Mail an <strong>info@hardtoport.org<\/strong> \/ f\u00fcr Medienanfragen an <strong>media@hardtoport.org<\/strong>.<\/p>\n\n\n\n<p>Wenn du vertrauliche Informationen und Dokumente an uns weiterleiten m\u00f6chten, f\u00fclle bitte das nachstehende Kontaktformular aus. Unser Team trifft Vorkehrungen, um deine Privatsph\u00e4re zu sch\u00fctzen. Die Angabe des Namens oder deiner Kontaktdaten ist dabei freiwillig, die gesamte \u00dcbertragung wird verschl\u00fcsselt und wir entfernen automatisch alle Metadaten aus den hochgeladenen Dateien und Dokumenten.<\/p>\n\n\n\n<p>F\u00fcr eine durchg\u00e4ngig verschl\u00fcsselte Kommunikation kannst du uns auch gerne \u00fcber die Messenger-App Signal kontaktieren.<\/p>\n\n\n<div class=\"lazyblock-contact-form-Zu08L9 wp-block-lazyblock-contact-form\"><div class=\"upload\">\n    <form method=\"POST\" action=\"https:\/\/hardtoport.org\/wp-content\/themes\/hardtoport\/upload.php\" enctype=\"multipart\/form-data\">\n            <div class=\"upload-field upload-field-half upload-field-name\">\n                <label for=\"name\">Name<\/label>\n                <input class=\"upload-field-input\" name=\"name\" type=\"text\" \/>\n            <\/div>\n            <div class=\"upload-field upload-field-half upload-field-phone\">\n                <label for=\"phone\">Telefonnummer<\/label>\n                <input class=\"upload-field-input\" name=\"phone\" type=\"text\" \/>\n            <\/div>\n            <div class=\"upload-field upload-field-half upload-field-email\">\n                <label for=\"email\">E-Mail<\/label>\n                <input class=\"upload-field-input\" name=\"email\" type=\"text\" \/>\n            <\/div>\n            <div class=\"upload-field upload-field-half upload-field-location upload-field-required\">\n                <label for=\"location\">Ort *<\/label>\n                <input class=\"upload-field-input\" name=\"location\" type=\"text\" \/>\n            <\/div>\n            <div class=\"upload-field upload-field-subject upload-field-required\">\n                <label for=\"subject\">Betreff *<\/label>\n                <input class=\"upload-field-input\" name=\"subject\" type=\"text\" \/>\n            <\/div>\n            <div class=\"upload-field upload-field-message upload-field-required\">\n                <label for=\"message\">Nachricht *<\/label>\n                <textarea class=\"upload-field-input\" name=\"message\"><\/textarea>\n            <\/div>\n\n            <div class=\"upload-field upload-field-file\">\n                <label for=\"file\">Datei<\/label>\n                <input class=\"upload-field-input upload-field-file-input\" type=\"file\" name=\"file\" id=\"file\" accept=\".jpg,.jpeg,.gif,.png,.mp4,.mov,.avi,.mkv,.pdf\" \/>\n                <p class=\"upload-field-feedback upload-field-feedback-size\">Ausgew\u00e4hlte Datei ist zu gro\u00df<span><\/span><\/p>\n                <p class=\"upload-field-feedback upload-field-feedback-ext\">Dateityp wird nicht akzeptiert<span><\/span><\/p>\n                <p class=\"upload-field-feedback upload-field-feedback-ok\">Datei ist bereit zum Hochladen<span><\/span><\/p>\n            <\/div>\n            <p class=\"upload-fileinfo\"><small>\n                Maximum file size is 200MB.<br \/>Akzeptierte Dateitypen sind: jpg, jpeg, gif, png, mp4, mov, avi, mkv, pdf.<\/small><\/p>\n\n            <div class=\"upload-field upload-field-half upload-field-rights upload-field-checkbox\">\n                <input class=\"upload-field-input\" name=\"rights\" type=\"checkbox\" \/>\n                <label for=\"rights\">Ich \u00fcbertrage Hard To Port e.V. die uneingeschr\u00e4nkten Nutzungsrechte an allen \u00fcbermittelten Informationen und Dateien.<\/label>\n            <\/div>\n\n            <div class=\"upload-field upload-field-half upload-field-contacted upload-field-checkbox\">\n                <input class=\"upload-field-input\" name=\"contacted\" type=\"checkbox\" \/>\n                <label for=\"contacted\">Falls Fragen entstehen sollten, willige ich ein, von Hard To Port e.V. kontaktiert zu werden<\/label>\n            <\/div>\n\n            \n\n        <div class=\"upload-submit\">\n            <input class=\"upload-submit-button button secondary\" type=\"submit\" value=\"Absenden\" \/>\n        <\/div>\n    <\/form>\n\n      <div class=\"upload-success\">\n          <p><strong>Danke.<\/strong><br \/>Ihre Nachricht wurde \u00fcbermittelt und wird von unserem Team gepr\u00fcft.<\/p>\n      <\/div>\n      <div class=\"upload-fail\">\n          <p><strong>Oops.<\/strong><br \/>Irgendwas ist schiefgelaufen. Ihre Nachricht wurde nicht \u00fcbertragen.<\/p>\n      <\/div>\n<\/div><\/div>\n\n<div class=\"lazyblock-icon-and-text-Z19eFhI wp-block-lazyblock-icon-and-text\"><div class=\"iconblock\">\n    <div class=\"iconblock-icon\">\n      <svg version=\"1.1\" baseProfile=\"full\" xmlns=\"http:\/\/www.w3.org\/2000\/svg\" xmlns:xlink=\"http:\/\/www.w3.org\/1999\/xlink\" xmlns:ev=\"http:\/\/www.w3.org\/2001\/xml-events\" viewBox=\"0 0 57 51\"> \r<path \r d=\"M51,42 C51,42 41.001,42 41.001,42 C41.001,42 41.001,50 41.001,50 C41.001,50.404 40.757,50.769 40.383,50.924 C40.259,50.975 40.129,51 40,51 C39.74,51 39.485,50.898 39.293,50.707 C39.293,50.707 30.586,42 30.586,42 C30.586,42 5,42 5,42 C2.24299999999999,42 0,39.7569999999999 0,37 C0,37 0,5 0,5 C0,2.24300000000005 2.24299999999999,0 5,0 C5,0 51,0 51,0 C53.757,0 56.001,2.24300000000005 56.001,5 C56.001,5 56.001,37 56.001,37 C56.001,39.7569999999999 53.757,42 51,42 ZM54,5 C54,3.346 52.655,2 51,2 C51,2 5,2 5,2 C3.346,2 2,3.346 2,5 C2,5 2,37 2,37 C2,38.654 3.346,40 5,40 C5,40 31,40 31,40 C31.266,40 31.52,40.105 31.707,40.293 C31.707,40.293 39,47.586 39,47.586 C39,47.586 39,41 39,41 C39,40.448 39.448,40 40,40 C40,40 51,40 51,40 C52.655,40 54,38.654 54,37 C54,37 54,5 54,5 ZM40,24 C37.795,24 36,22.206 36,20 C36,17.794 37.795,16 40,16 C42.206,16 44,17.794 44,20 C44,22.206 42.206,24 40,24 ZM40,18 C38.897,18 38,18.897 38,20 C38,21.103 38.897,22 40,22 C41.103,22 42,21.103 42,20 C42,18.897 41.103,18 40,18 ZM28,24 C25.795,24 24,22.206 24,20 C24,17.794 25.795,16 28,16 C30.206,16 32,17.794 32,20 C32,22.206 30.206,24 28,24 ZM28,18 C26.898,18 26,18.897 26,20 C26,21.103 26.898,22 28,22 C29.103,22 30.001,21.103 30.001,20 C30.001,18.897 29.103,18 28,18 ZM16,24 C13.795,24 12,22.206 12,20 C12,17.794 13.795,16 16,16 C18.206,16 20,17.794 20,20 C20,22.206 18.206,24 16,24 ZM16,18 C14.897,18 14,18.897 14,20 C14,21.103 14.897,22 16,22 C17.103,22 18.001,21.103 18.001,20 C18.001,18.897 17.103,18 16,18 Z \"\/>\r<\/svg>\r    <\/div>\n    <div class=\"iconblock-text\">\n      <h2>Signal<\/h2>\n      <p>F\u00fcr eine noch sicherere Kommunikation kannst du uns \u00fcber Messenger erreichen. Die Signal-App bietet eine Ende-zu-Ende-Verschl\u00fcsselung und kann zum Versenden von Dateien verwendet werden. Hier kannst du uns unter <strong>+49 174 960 2416<\/strong> erreichen.<\/p>\n              <p class=\"iconblock-text-buttons\">\n            <a href=\"\" class=\"button\">\n                App herunterladen            <\/a>\n        <\/p>\n          <\/div>\n<\/div><\/div>\n\n<div class=\"lazyblock-icon-and-text-2s1aOi wp-block-lazyblock-icon-and-text\"><div class=\"iconblock reverse\">\n    <div class=\"iconblock-icon\">\n      <svg version=\"1.1\" baseProfile=\"full\" xmlns=\"http:\/\/www.w3.org\/2000\/svg\" xmlns:xlink=\"http:\/\/www.w3.org\/1999\/xlink\" xmlns:ev=\"http:\/\/www.w3.org\/2001\/xml-events\" viewBox=\"0 0 52 61\"> \r<path d=\"M49,60.9949999999999 L3,60.9949999999999 C1.346,60.9949999999999 0,59.6369999999999 0,57.9659999999999 L0,27.6769999999999 C0,26.8620000000001 0.31700000000001,26.097 0.89200000000005,25.5239999999999 L6,20.579 L6,1.99399999999991 C6,1.4369999999999 6.44799999999998,0.9860000000001 7,0.9860000000001 L36.846,0.9860000000001 C36.898,0.97800000000007 36.9450000000001,0.95499999999993 37,0.95499999999993 C37.322,0.95499999999993 37.596,1.11699999999996 37.779,1.35400000000004 L45.417,9.04899999999998 C45.759,9.20800000000008 46,9.54899999999998 46,9.952 C46,9.97000000000003 45.991,9.98399999999992 45.99,10.002 C45.991,10.02 46,10.0360000000001 46,10.0540000000001 L46,20.578 L51.096,25.5119999999999 C51.682,26.096 52,26.8610000000001 52,27.6769999999999 L52,57.9659999999999 C52,59.6369999999999 50.654,60.9949999999999 49,60.9949999999999 ZM48.582,58.9760000000001 L33.295,44.3240000000001 L30.847,46.671 C29.489,47.9749999999999 27.744,48.627 26,48.627 C24.256,48.627 22.5119999999999,47.9749999999999 21.152,46.671 L18.704,44.3240000000001 L3.41800000000001,58.9760000000001 L48.582,58.9760000000001 ZM6,23.376 L2.88499999999999,26.3910000000001 L6,29.377 L6,23.376 ZM6.86300000000006,32.9739999999999 C6.44299999999998,32.913 6.11900000000003,32.5999999999999 6.03800000000001,32.183 L2,28.3130000000001 L2,57.566 L17.26,42.9400000000001 L6.86300000000006,32.9739999999999 ZM38,4.42599999999993 L38,8.952 L42.492,8.952 L38,4.42599999999993 ZM44,10.951 L37,10.951 C36.448,10.951 36,10.5039999999999 36,9.952 L36,3.00099999999998 L8,3.00099999999998 L8,31.2950000000001 L22.537,45.2280000000001 C24.479,47.0920000000001 27.52,47.0909999999999 29.463,45.2280000000001 L44,31.2950000000001 L44,10.951 ZM46,23.376 L46,29.3779999999999 L49.115,26.3920000000001 L46,23.376 ZM50,28.3130000000001 L45.962,32.184 C45.88,32.5999999999999 45.558,32.913 45.138,32.9739999999999 L34.74,42.9390000000001 L50,57.566 L50,28.3130000000001 ZM12,29.944 C12,29.3920000000001 12.448,28.9449999999999 13,28.9449999999999 L39,28.9449999999999 C39.552,28.9449999999999 40,29.3920000000001 40,29.944 C40,30.4970000000001 39.552,30.944 39,30.944 L13,30.944 C12.448,30.944 12,30.4970000000001 12,29.944 ZM39,26.9449999999999 L13,26.9449999999999 C12.448,26.9449999999999 12,26.498 12,25.9459999999999 C12,25.393 12.448,24.9459999999999 13,24.9459999999999 L39,24.9459999999999 C39.552,24.9459999999999 40,25.393 40,25.9459999999999 C40,26.498 39.552,26.9449999999999 39,26.9449999999999 ZM39,22.9469999999999 L13,22.9469999999999 C12.448,22.9469999999999 12,22.5 12,21.9469999999999 C12,21.395 12.448,20.9480000000001 13,20.9480000000001 L39,20.9480000000001 C39.552,20.9480000000001 40,21.395 40,21.9469999999999 C40,22.5 39.552,22.9469999999999 39,22.9469999999999 ZM39,18.9480000000001 L13,18.9480000000001 C12.448,18.9480000000001 12,18.501 12,17.9490000000001 C12,17.396 12.448,16.9490000000001 13,16.9490000000001 L39,16.9490000000001 C39.552,16.9490000000001 40,17.396 40,17.9490000000001 C40,18.501 39.552,18.9480000000001 39,18.9480000000001 ZM29,10.951 L23,10.951 C22.448,10.951 22,10.5039999999999 22,9.952 C22,9.39899999999989 22.448,8.952 23,8.952 L29,8.952 C29.552,8.952 30,9.39899999999989 30,9.952 C30,10.5039999999999 29.552,10.951 29,10.951 Z \"\/>\r<\/svg>\r    <\/div>\n    <div class=\"iconblock-text\">\n      <h2>Per Post<\/h2>\n      <p>Ebenfalls ist es m\u00f6glich, uns Dokumente, Fotos oder Texte per Post an unser B\u00fcro in Deutschland zu schicken:<br><br><strong>Hard To Port e.V.<\/strong><br>Postfach 1701<br>24907 Flensburg<br>Deutschland<\/p>\n          <\/div>\n<\/div><\/div>","protected":false},"excerpt":{"rendered":"<p>F\u00fcr allgemeine Anfragen sende uns bitte eine E-Mail an info@hardtoport.org \/ f\u00fcr Medienanfragen an media@hardtoport.org. Wenn du vertrauliche Informationen und Dokumente an uns weiterleiten m\u00f6chten, f\u00fclle bitte das nachstehende Kontaktformular aus. Unser Team trifft Vorkehrungen, um deine Privatsph\u00e4re zu sch\u00fctzen. Die Angabe des Namens oder deiner Kontaktdaten ist dabei freiwillig, die gesamte \u00dcbertragung wird verschl\u00fcsselt [&hellip;]<\/p>\n","protected":false},"author":1,"featured_media":565,"parent":0,"menu_order":0,"comment_status":"closed","ping_status":"closed","template":"","meta":{"_acf_changed":false,"footnotes":""},"class_list":["post-351","page","type-page","status-publish","has-post-thumbnail","hentry"],"acf":[],"_links":{"self":[{"href":"https:\/\/hardtoport.org\/de\/wp-json\/wp\/v2\/pages\/351","targetHints":{"allow":["GET"]}}],"collection":[{"href":"https:\/\/hardtoport.org\/de\/wp-json\/wp\/v2\/pages"}],"about":[{"href":"https:\/\/hardtoport.org\/de\/wp-json\/wp\/v2\/types\/page"}],"author":[{"embeddable":true,"href":"https:\/\/hardtoport.org\/de\/wp-json\/wp\/v2\/users\/1"}],"replies":[{"embeddable":true,"href":"https:\/\/hardtoport.org\/de\/wp-json\/wp\/v2\/comments?post=351"}],"version-history":[{"count":12,"href":"https:\/\/hardtoport.org\/de\/wp-json\/wp\/v2\/pages\/351\/revisions"}],"predecessor-version":[{"id":1447,"href":"https:\/\/hardtoport.org\/de\/wp-json\/wp\/v2\/pages\/351\/revisions\/1447"}],"wp:featuredmedia":[{"embeddable":true,"href":"https:\/\/hardtoport.org\/de\/wp-json\/wp\/v2\/media\/565"}],"wp:attachment":[{"href":"https:\/\/hardtoport.org\/de\/wp-json\/wp\/v2\/media?parent=351"}],"curies":[{"name":"wp","href":"https:\/\/api.w.org\/{rel}","templated":true}]}}