{"id":3,"date":"2022-06-20T10:16:52","date_gmt":"2022-06-20T08:16:52","guid":{"rendered":"http:\/\/hardtoport.org\/?page_id=3"},"modified":"2025-02-14T11:51:07","modified_gmt":"2025-02-14T10:51:07","slug":"datenschutzerklaerung","status":"publish","type":"page","link":"https:\/\/hardtoport.org\/de\/datenschutzerklaerung\/","title":{"rendered":"Datenschutz"},"content":{"rendered":"\n<p>Die hier aufgef\u00fchrte Datenschutzerkl\u00e4rung entspricht den Richtlinien der DSGVO und des BDSG. Sie soll \u00fcber die Art, den Zweck und die Verwendung personenbezogener Daten durch den Website-Betreiber Hard To Port e.V. informieren.<\/p>\n\n\n\n<p>Bevor Daten online an uns \u00fcbermittelt werden, verschl\u00fcsseln wir sie mit dem TLS\/SSL-Verfahren. Es geh\u00f6rt zu den sichersten und gebr\u00e4uchlichsten Verfahren im Internet. Die Sicherheitsstandards unserer Webseiten halten wir immer aktuell. Gleichwohl unsere Seite mit verschieden Sicherheitsvorkehrungen ausgestattet ist, kann kein vollst\u00e4ndiger Schutz Ihrer Daten gew\u00e4hrleistet werden, da Sicherheitsl\u00fccken im Internet nicht ausgeschlossen werden k\u00f6nnen.<\/p>\n\n\n\n<p>Die Funktion und die Kommunikation unseres Services ist auf die Daten unserer Nutzer*innen angewiesen. Grunds\u00e4tzlich k\u00f6nnen Sie unsere Webseite besuchen, ohne pers\u00f6nliche Daten zu hinterlassen. In einigen F\u00e4llen ben\u00f6tigen wir aber aus steuerlichen oder rechtlichen Gr\u00fcnden pers\u00f6nliche Informationen von Ihnen, wie z.B. bei Onlinespenden, Infomaterial-Bestellungen, Kontaktaufnahme Ihrerseits oder der Anmeldung zu den e-Newslettern. Personenbezogene Daten sind besonders sensibel \u2013 dies meint alle Informationen, welche sich eindeutig auf eine bestimmte, nat\u00fcrliche Person zur\u00fcckf\u00fchren lassen. Laut DSGVO besteht f\u00fcr uns die Verpflichtung, den gesamten Umfang aller derartigen Daten aufzulisten.<\/p>\n\n\n\n<h3 class=\"wp-block-heading\">Verantwortlich f\u00fcr die Datenerhebung<\/h3>\n\n\n\n<p>F\u00fcr Fragen, Auskunftsersuche, Antr\u00e4ge, Beschwerden oder Kritik hinsichtlich unseres Datenschutzes k\u00f6nnen Sie sich an folgende Stelle wenden:<\/p>\n\n\n\n<p>Hard To Port e.V.<br>Postfach 1701<br>24907 Flensburg<br>Deutschland<\/p>\n\n\n\n<p>Tel.: +49 174 9602416<br>E-Mail: media@hardtoport.org<\/p>\n\n\n\n<h3 class=\"wp-block-heading\">Datenschutzbeauftragte*r<\/h3>\n\n\n\n<p>Der Datenschutzbeauftragte von Hard To Port e.V. ist:<br>Arne Feuerhahn<br>Hard To Port e.V.<br>Postfach 1701<br>24907 Flensburg<br>Deutschland<\/p>\n\n\n\n<p>Tel.: +49 174 9602416<br>E-Mail: media@hardtoport.org<\/p>\n\n\n\n<h3 class=\"wp-block-heading\">Rechtsgrundlage f\u00fcr die Verarbeitung personenbezogener Daten<\/h3>\n\n\n\n<p>Wenn die Verarbeitungsvorg\u00e4nge Ihrer personenbezogenen Daten aufgrund einer Einwilligung erfolgen, stellt Art. 6 Abs. 1 lit. a der DSGVO die Rechtsgrundlage f\u00fcr die Verarbeitung der personenbezogenen Daten dar.<\/p>\n\n\n\n<p>Wenn die Verarbeitungsvorg\u00e4nge Ihrer personenbezogenen Daten zur Erf\u00fcllung eines Vertrages oder vorvertraglichen Ma\u00dfnahmen dienen, in dem eine der Vertragsparteien die betroffene Person ist, stellt Art. 6 Abs. 1 lit. b DSGVO die Rechtsgrundlage dar. Das trifft zum Beispiel zu, wenn wir Auftr\u00e4ge an Dritte vergeben.<\/p>\n\n\n\n<p>Wenn den Verarbeitungsvorg\u00e4ngen Ihrer personenbezogenen Daten eine erforderliche rechtliche Verpflichtung zugrunde liegt, stellt Art. 6 Abs. 1 lit. c DSGVO die Rechtsgrundlage dar. Das trifft zum Beispiel zu auf die Speicherung und Verarbeitung von Spender*innen-Daten, die wir aus steuerlichen Gr\u00fcnden aufbewahren m\u00fcssen.<\/p>\n\n\n\n<p>Wenn die Verarbeitungsvorg\u00e4nge Ihrer personenbezogenen Daten zur Wahrung eines berechtigten Interesses unserer Organisation oder eines Dritten erforderlich sind und diese Interessen \u00fcberwiegen, ohne die Grundrechte und Grundfreiheiten des Betroffenen in diesem Verh\u00e4ltnis zu beeintr\u00e4chtigen so stellt Art. 6 Abs. 1 lit. f DSGVO die Rechtsgrundlage dar.<\/p>\n\n\n\n<h3 class=\"wp-block-heading\">Ihre Rechte<\/h3>\n\n\n\n<p>Selbstverst\u00e4ndlich haben Sie in Bezug auf die Erhebung Ihrer Daten Rechte. Laut geltendem Gesetz sind wir dazu verpflichtet, Sie \u00fcber dieselben aufzukl\u00e4ren. Die Inanspruchnahme und Durchf\u00fchrung dieser Rechte ist f\u00fcr Sie kostenlos.<\/p>\n\n\n\n<p><strong>Widerrufsrecht<\/strong><\/p>\n\n\n\n<p>Sie haben das Recht, Ihre Einwilligung bzgl. der Erhebung von Daten jederzeit zu widerrufen. Dieses Recht gilt mit Wirkung f\u00fcr die Zukunft; die bis zur Rechtskraft des Widerrufs erhobenen Daten bleiben hiervon unber\u00fchrt. Schreiben Sie hierf\u00fcr eine Email an info[aet]knoe.org.<\/p>\n\n\n\n<p><strong>Recht auf Daten\u00fcbertragbarkeit<\/strong><\/p>\n\n\n\n<p>Sie haben das Recht, eine \u00dcbertragung Ihrer Daten von uns auf eine andere Stelle zu beantragen.<\/p>\n\n\n\n<p><strong>Auskunftsrecht<\/strong><\/p>\n\n\n\n<p>Sie haben das Recht, von uns eine Best\u00e4tigung zu verlangen, ob und wie wir personenbezogene Daten von Ihnen beziehen. Dieses Recht ist durch die vorliegende Datenschutzerkl\u00e4rung realisiert. Zus\u00e4tzlich k\u00f6nnen Sie eine elektronische Auskunft anfordern. Schreiben Sie hierf\u00fcr eine Email an info[aet]hardtoport.org.<\/p>\n\n\n\n<p><strong>Recht auf Berichtigung, L\u00f6schung oder Sperrung<\/strong><\/p>\n\n\n\n<p>Sie haben das Recht, Ihre Daten berichtigen, l\u00f6schen oder sperren zu lassen. Letzteres kommt zur Anwendung, wenn die gesetzliche Lage eine L\u00f6schung nicht zul\u00e4sst.<\/p>\n\n\n\n<p><strong>Beschwerderecht<\/strong><\/p>\n\n\n\n<p>Sie haben das Recht, sich bei einer Aufsichtsbeh\u00f6rde bzw. einer zust\u00e4ndigen Stelle zu beschweren, insofern Sie einen Grund zur Beanstandung haben sollten. F\u00fcr die Inanspruchnahme dieses Rechts und der zwei vorher genannten wenden Sie sich bitte an die am Ende dieser Datenschutzerkl\u00e4rung aufgef\u00fchrten Kontaktpersonen.<\/p>\n\n\n\n<h3 class=\"wp-block-heading\">\u00c4nderung der Datenschutzerkl\u00e4rung<\/h3>\n\n\n\n<p>Wir als Verantwortliche behalten es uns vor, die Datenschutzerkl\u00e4rung jederzeit im Hinblick auf geltende Datenschutzvorschriften zu ver\u00e4ndern. Derzeitiger Stand ist Februar 2025.<\/p>\n\n\n\n<h3 class=\"wp-block-heading\">Datenweitergabe an Dritte<\/h3>\n\n\n\n<p>Grunds\u00e4tzlich werden Ihre Daten von uns nicht an Dritte vermittelt. Au\u00dferdem stellen wir durch entsprechende Ma\u00dfnahmen und regelm\u00e4\u00dfige Kontrollen sicher, dass die von uns erhobenen Daten nicht durch Dritte von au\u00dfen eingesehen oder abgegriffen werden k\u00f6nnen.<\/p>\n\n\n\n<h3 class=\"wp-block-heading\">Verarbeitungst\u00e4tigkeiten<\/h3>\n\n\n\n<p><strong>1. Website<\/strong><\/p>\n\n\n\n<p>Durch die Nutzung unserer Website werden folgende personenbezogene Daten nach DSGVO erhoben:<\/p>\n\n\n\n<p>In jedem Fall: Der Hostname des zugreifenden Rechners (IP-Adresse \u2013 siehe Log-Dateien).<\/p>\n\n\n\n<p>Bei Best\u00e4tigung des Cookies zum Zwecke der Webanalyse (siehe Webanalysedienste):<\/p>\n\n\n\n<ul class=\"wp-block-list\">\n<li>Browsertyp\/ -version<\/li>\n\n\n\n<li>verwendetes Betriebssystem<\/li>\n\n\n\n<li>Referrer URL (die zuvor besuchte Seite)<\/li>\n\n\n\n<li>Hostname des zugreifenden Rechners (IP Adresse)<\/li>\n\n\n\n<li>Uhrzeit der Serveranfrage.<\/li>\n<\/ul>\n\n\n\n<p>Diese Daten sind f\u00fcr uns nicht bestimmten Personen zuordenbar. Eine Zusammenf\u00fchrung dieser Daten mit anderen Datenquellen wird nicht vorgenommen, die Daten werden zudem nach einer statistischen Auswertung gel\u00f6scht.<\/p>\n\n\n\n<p>Wir versichern, dass diese Daten ausschlie\u00dflich dem Funktionieren, der statistischen Auswertung und der Verbesserung unseres Angebotes dienen. Laut geltenden Vorschriften werden diese Daten nur f\u00fcr die Zeit erhoben, wie Sie unseren Service nutzen. Die gesetzlich geltenden L\u00f6schvorschriften werden eingehalten.<\/p>\n\n\n\n<p><strong>Log-Dateien<\/strong><\/p>\n\n\n\n<p>Eine Logdatei wird im Zuge eines automatischen Protokolls des verarbeitenden Computersystems erstellt. Das bedeutet, dass Informationen betreffend Ihres verwendeten Endger\u00e4tes als Logfiles auf einem Server festgehalten werden.<br>Auch wir f\u00fchren eine Log-Dateienanalyse durch um uns vor DOS-Angriffen (<a href=\"https:\/\/de.wikipedia.org\/wiki\/Denial_of_Service\" target=\"_blank\" rel=\"noreferrer noopener\">Denial-of-service attack<\/a>) zu sch\u00fctzen, daf\u00fcr werden die IP-Adressen der Besucher unserer Seiten f\u00fcr 24 Stunden gespeichert.<\/p>\n\n\n\n<p><strong>Cookies<\/strong><\/p>\n\n\n\n<p>Diese Webseite verwendet Cookies. Dies sind kleine Textdateien, welche in Ihrem Browserverlauf platziert werden und durch welche bei Ihrem n\u00e4chsten Besuch bereits get\u00e4tigte Einstellungen und andere \u00c4nderungen, welche Sie vorgenommen haben, rekonstruiert werden. Durch Cookies k\u00f6nnen wir unseren Dienst personalisieren und benutzerfreundlicher gestalten.<\/p>\n\n\n\n<p>Sie haben die M\u00f6glichkeit, das Setzen von Cookies zu blockieren und bereits gesetzte Cookies zu l\u00f6schen. In solch einem Fall kann es dazu kommen, dass bestimmte Features auf der Seite nicht mehr oder nur noch eingeschr\u00e4nkt funktionieren.<a href=\"https:\/\/digitalcourage.de\/digitale-selbstverteidigung\/lernen-sie-cookies-zu-widerstehen\">&nbsp;Das \u00fcberwiegende Informationsangebot ist aber auch ohne Cookie abrufbar.<\/a><\/p>\n","protected":false},"excerpt":{"rendered":"<p>Die hier aufgef\u00fchrte Datenschutzerkl\u00e4rung entspricht den Richtlinien der DSGVO und des BDSG. Sie soll \u00fcber die Art, den Zweck und die Verwendung personenbezogener Daten durch den Website-Betreiber Hard To Port e.V. informieren. Bevor Daten online an uns \u00fcbermittelt werden, verschl\u00fcsseln wir sie mit dem TLS\/SSL-Verfahren. Es geh\u00f6rt zu den sichersten und gebr\u00e4uchlichsten Verfahren im Internet. [&hellip;]<\/p>\n","protected":false},"author":1,"featured_media":37,"parent":0,"menu_order":0,"comment_status":"closed","ping_status":"open","template":"","meta":{"_acf_changed":false,"footnotes":""},"class_list":["post-3","page","type-page","status-publish","has-post-thumbnail","hentry"],"acf":[],"_links":{"self":[{"href":"https:\/\/hardtoport.org\/de\/wp-json\/wp\/v2\/pages\/3","targetHints":{"allow":["GET"]}}],"collection":[{"href":"https:\/\/hardtoport.org\/de\/wp-json\/wp\/v2\/pages"}],"about":[{"href":"https:\/\/hardtoport.org\/de\/wp-json\/wp\/v2\/types\/page"}],"author":[{"embeddable":true,"href":"https:\/\/hardtoport.org\/de\/wp-json\/wp\/v2\/users\/1"}],"replies":[{"embeddable":true,"href":"https:\/\/hardtoport.org\/de\/wp-json\/wp\/v2\/comments?post=3"}],"version-history":[{"count":8,"href":"https:\/\/hardtoport.org\/de\/wp-json\/wp\/v2\/pages\/3\/revisions"}],"predecessor-version":[{"id":1323,"href":"https:\/\/hardtoport.org\/de\/wp-json\/wp\/v2\/pages\/3\/revisions\/1323"}],"wp:featuredmedia":[{"embeddable":true,"href":"https:\/\/hardtoport.org\/de\/wp-json\/wp\/v2\/media\/37"}],"wp:attachment":[{"href":"https:\/\/hardtoport.org\/de\/wp-json\/wp\/v2\/media?parent=3"}],"curies":[{"name":"wp","href":"https:\/\/api.w.org\/{rel}","templated":true}]}}