{"id":1078,"date":"2024-06-07T20:08:14","date_gmt":"2024-06-07T18:08:14","guid":{"rendered":"https:\/\/hardtoport.org\/?page_id=1078"},"modified":"2025-12-28T19:31:32","modified_gmt":"2025-12-28T18:31:32","slug":"financial-support","status":"publish","type":"page","link":"https:\/\/hardtoport.org\/de\/financial-support\/","title":{"rendered":"Finanzieller Support"},"content":{"rendered":"\n<p>Wir vom Hard To Port e.V. sind f\u00fcr die Unterst\u00fctzung der \u00d6ffentlichkeit sehr dankbar, die es unserem Team in den letzten Jahren erm\u00f6glicht hat, einen echten und nachhaltigen Unterschied f\u00fcr die Wale im Nordatlantik zu bewirken. <\/p>\n\n\n\n<p>Um auch in Zukunft notwendige und spannende Meeresschutzprojekte planen und umsetzen zu k\u00f6nnen \u2013 die genauso viel Engagement, Kreativit\u00e4t und harte Arbeit erfordern \u2013 helfen uns fortlaufende finanzielle Spenden, auf Kurs zu bleiben und unsere Mission weiterzuf\u00fchren. <\/p>\n\n\n\n<h1 class=\"wp-block-heading\"><\/h1>\n\n\n\n<script type=\"text\/javascript\">\n            (function() {\n                var u=\"https:\/\/spenden.twingle.de\/embed\/genericorganisation\/genericproject\/tw66634b55377d4\/widget\";\n                var id = '_' + Math.random().toString(36).substr(2, 9);\n                var d=document, g=d.createElement('script'), s=d.getElementsByTagName('script')[0], t=d.createElement('div');\n                t.id = 'twingle-public-embed-' + id;\n                document.currentScript.after(t);\n                g.type='text\/javascript'; g.async=true; g.defer=true; g.src=u+'\/'+id; s.parentNode.insertBefore(g,s);\n            })();\n        <\/script>\n\n\n\n<div style=\"height:100px\" aria-hidden=\"true\" class=\"wp-block-spacer\"><\/div>\n\n\n<div class=\"lazyblock-highlight-Z1VSW0y wp-block-lazyblock-highlight\"><div class=\"highlight blockcolor-blue\">\n    <div class=\"highlight-image\">\n              <img decoding=\"async\" src=\"https:\/\/hardtoport.org\/wp-content\/uploads\/2025\/02\/DSC_6889-scaled.jpg\" alt=\"\">\n          <\/div>\n    <div class=\"highlight-text\">\n      <h2>Warum deine Unterst\u00fctzung z\u00e4hlt<\/h2>\n      <div class=\"highlight-text-description\">\n        <p>Mit deiner Unterst\u00fctzung von unserem Hard To Port e.V., einem eingetragenen gemeinn\u00fctzigen Verein, hilfst du uns, weitere wichtige Meeres-und Tierschutzprojekte umzusetzen und unser ambitioniertes Team zu st\u00e4rken. Durch fortlaufende Spenden k\u00f6nnen wir unsere Arbeit effektiv fortsetzen und langfristig etwas f\u00fcr die Meereswelt bewirken.<\/p>\n              <\/div>\n    <\/div>\n<\/div><\/div>\n\n<div class=\"lazyblock-highlight-Z2qUYQ1 wp-block-lazyblock-highlight\"><div class=\"highlight reverse blockcolor-blue\">\n    <div class=\"highlight-image\">\n              <img decoding=\"async\" src=\"https:\/\/hardtoport.org\/wp-content\/uploads\/2024\/06\/Contact-Us-7-scaled.jpg\" alt=\"\">\n          <\/div>\n    <div class=\"highlight-text\">\n      <h2>Hast du weitere Fragen?<\/h2>\n      <div class=\"highlight-text-description\">\n        <p>Falls du weitere Informationen bez\u00fcglich der geplanten Verwendung deiner Spende w\u00fcnscht, stehen wir dir jederzeit gerne zur Verf\u00fcgung. Kontaktiere uns dazu bitte per Email \u2013 wir helfen dann gerne weiter.<br><br>E-Mail: <strong>support@hardtoport.org<\/strong><\/p>\n              <\/div>\n    <\/div>\n<\/div><\/div>","protected":false},"excerpt":{"rendered":"<p>Wir vom Hard To Port e.V. sind f\u00fcr die Unterst\u00fctzung der \u00d6ffentlichkeit sehr dankbar, die es unserem Team in den letzten Jahren erm\u00f6glicht hat, einen echten und nachhaltigen Unterschied f\u00fcr die Wale im Nordatlantik zu bewirken. Um auch in Zukunft notwendige und spannende Meeresschutzprojekte planen und umsetzen zu k\u00f6nnen \u2013 die genauso viel Engagement, Kreativit\u00e4t [&hellip;]<\/p>\n","protected":false},"author":1,"featured_media":1520,"parent":0,"menu_order":0,"comment_status":"closed","ping_status":"closed","template":"","meta":{"_acf_changed":false,"footnotes":""},"class_list":["post-1078","page","type-page","status-publish","has-post-thumbnail","hentry"],"acf":[],"_links":{"self":[{"href":"https:\/\/hardtoport.org\/de\/wp-json\/wp\/v2\/pages\/1078","targetHints":{"allow":["GET"]}}],"collection":[{"href":"https:\/\/hardtoport.org\/de\/wp-json\/wp\/v2\/pages"}],"about":[{"href":"https:\/\/hardtoport.org\/de\/wp-json\/wp\/v2\/types\/page"}],"author":[{"embeddable":true,"href":"https:\/\/hardtoport.org\/de\/wp-json\/wp\/v2\/users\/1"}],"replies":[{"embeddable":true,"href":"https:\/\/hardtoport.org\/de\/wp-json\/wp\/v2\/comments?post=1078"}],"version-history":[{"count":14,"href":"https:\/\/hardtoport.org\/de\/wp-json\/wp\/v2\/pages\/1078\/revisions"}],"predecessor-version":[{"id":1519,"href":"https:\/\/hardtoport.org\/de\/wp-json\/wp\/v2\/pages\/1078\/revisions\/1519"}],"wp:featuredmedia":[{"embeddable":true,"href":"https:\/\/hardtoport.org\/de\/wp-json\/wp\/v2\/media\/1520"}],"wp:attachment":[{"href":"https:\/\/hardtoport.org\/de\/wp-json\/wp\/v2\/media?parent=1078"}],"curies":[{"name":"wp","href":"https:\/\/api.w.org\/{rel}","templated":true}]}}